{"id":10,"date":"2024-02-09T13:35:04","date_gmt":"2024-02-09T12:35:04","guid":{"rendered":"https:\/\/zvuky.harton.sk\/?page_id=10"},"modified":"2024-11-12T10:13:25","modified_gmt":"2024-11-12T09:13:25","slug":"zvuky","status":"publish","type":"page","link":"https:\/\/zvuky.harton.sk\/","title":{"rendered":"Zvuky"},"content":{"rendered":"\t\t<div data-elementor-type=\"wp-page\" data-elementor-id=\"10\" class=\"elementor elementor-10\">\n\t\t\t\t<div class=\"elementor-element elementor-element-905230f e-flex e-con-boxed e-con e-parent\" data-id=\"905230f\" data-element_type=\"container\" data-settings=\"{&quot;content_width&quot;:&quot;boxed&quot;}\" data-core-v316-plus=\"true\">\n\t\t\t\t\t<div class=\"e-con-inner\">\n\t\t<div class=\"elementor-element elementor-element-3014219 e-con-full e-flex e-con e-child\" data-id=\"3014219\" data-element_type=\"container\" data-settings=\"{&quot;content_width&quot;:&quot;full&quot;}\">\n\t\t\t\t<div class=\"elementor-element elementor-element-011748f elementor-align-center elementor-widget elementor-widget-button\" data-id=\"011748f\" data-element_type=\"widget\" id=\"patka1\" data-widget_type=\"button.default\">\n\t\t\t\t<div class=\"elementor-widget-container\">\n\t\t\t\t\t<div class=\"elementor-button-wrapper\">\n\t\t\t<a class=\"elementor-button elementor-button-link elementor-size-xl elementor-animation-shrink\" href=\"#\">\n\t\t\t\t\t\t<span class=\"elementor-button-content-wrapper\">\n\t\t\t\t\t\t<span class=\"elementor-button-text\">YeeeeiYeee<\/span>\n\t\t<\/span>\n\t\t\t\t\t<\/a>\n\t\t<\/div>\n\t\t\t\t<\/div>\n\t\t\t\t<\/div>\n\t\t\t\t<div class=\"elementor-element elementor-element-610f27f elementor-widget elementor-widget-html\" data-id=\"610f27f\" data-element_type=\"widget\" data-widget_type=\"html.default\">\n\t\t\t\t<div class=\"elementor-widget-container\">\n\t\t\t<script src=\"https:\/\/code.jquery.com\/jquery-3.6.0.min.js\"><\/script>\n<script>\n$(document).ready(function() {\n\/\/Audio 1 Starts\nvar audio1 = new Audio('https:\/\/zvuky.harton.sk\/wp-content\/uploads\/2024\/02\/Jarosova-11.m4a')\n$(\"#patka1\").mousedown(function() {\naudio1.load();\naudio1.play();\n});\n\/\/Audio 1 Ends\n});\n<\/script>\t\t<\/div>\n\t\t\t\t<\/div>\n\t\t\t\t<\/div>\n\t\t<div class=\"elementor-element elementor-element-c35e434 e-con-full e-flex e-con e-child\" data-id=\"c35e434\" data-element_type=\"container\" data-settings=\"{&quot;content_width&quot;:&quot;full&quot;}\">\n\t\t\t\t<div class=\"elementor-element elementor-element-aaa8f45 elementor-align-center elementor-widget elementor-widget-button\" data-id=\"aaa8f45\" data-element_type=\"widget\" id=\"patka2\" data-widget_type=\"button.default\">\n\t\t\t\t<div class=\"elementor-widget-container\">\n\t\t\t\t\t<div class=\"elementor-button-wrapper\">\n\t\t\t<a class=\"elementor-button elementor-button-link elementor-size-xl elementor-animation-shrink\" href=\"#\">\n\t\t\t\t\t\t<span class=\"elementor-button-content-wrapper\">\n\t\t\t\t\t\t<span class=\"elementor-button-text\">Okaaaay, lecgou<\/span>\n\t\t<\/span>\n\t\t\t\t\t<\/a>\n\t\t<\/div>\n\t\t\t\t<\/div>\n\t\t\t\t<\/div>\n\t\t\t\t<div class=\"elementor-element elementor-element-418a42f elementor-widget elementor-widget-html\" data-id=\"418a42f\" data-element_type=\"widget\" data-widget_type=\"html.default\">\n\t\t\t\t<div class=\"elementor-widget-container\">\n\t\t\t<script src=\"https:\/\/code.jquery.com\/jquery-3.6.0.min.js\"><\/script>\n<script>\n$(document).ready(function() {\n\/\/Audio 1 Starts\nvar audio1 = new Audio('https:\/\/zvuky.harton.sk\/wp-content\/uploads\/2024\/02\/1.m4a')\n$(\"#patka2\").mousedown(function() {\naudio1.load();\naudio1.play();\n});\n\/\/Audio 1 Ends\n});\n<\/script>\t\t<\/div>\n\t\t\t\t<\/div>\n\t\t\t\t<\/div>\n\t\t<div class=\"elementor-element elementor-element-add9ed4 e-con-full e-flex e-con e-child\" data-id=\"add9ed4\" data-element_type=\"container\" data-settings=\"{&quot;content_width&quot;:&quot;full&quot;}\">\n\t\t\t\t<div class=\"elementor-element elementor-element-030ed32 elementor-align-center elementor-widget elementor-widget-button\" data-id=\"030ed32\" data-element_type=\"widget\" id=\"patka3\" data-widget_type=\"button.default\">\n\t\t\t\t<div class=\"elementor-widget-container\">\n\t\t\t\t\t<div class=\"elementor-button-wrapper\">\n\t\t\t<a class=\"elementor-button elementor-button-link elementor-size-xl elementor-animation-shrink\" href=\"#\">\n\t\t\t\t\t\t<span class=\"elementor-button-content-wrapper\">\n\t\t\t\t\t\t<span class=\"elementor-button-text\">Princeska<\/span>\n\t\t<\/span>\n\t\t\t\t\t<\/a>\n\t\t<\/div>\n\t\t\t\t<\/div>\n\t\t\t\t<\/div>\n\t\t\t\t<div class=\"elementor-element elementor-element-f3d9d28 elementor-widget elementor-widget-html\" data-id=\"f3d9d28\" data-element_type=\"widget\" data-widget_type=\"html.default\">\n\t\t\t\t<div class=\"elementor-widget-container\">\n\t\t\t<script src=\"https:\/\/code.jquery.com\/jquery-3.6.0.min.js\"><\/script>\n<script>\n$(document).ready(function() {\n\/\/Audio 1 Starts\nvar audio1 = new Audio('https:\/\/zvuky.harton.sk\/wp-content\/uploads\/2024\/02\/2.m4a')\n$(\"#patka3\").mousedown(function() {\naudio1.load();\naudio1.play();\n});\n\/\/Audio 1 Ends\n});\n<\/script>\t\t<\/div>\n\t\t\t\t<\/div>\n\t\t\t\t<\/div>\n\t\t<div class=\"elementor-element elementor-element-f3de3dd e-con-full e-flex e-con e-child\" data-id=\"f3de3dd\" data-element_type=\"container\" data-settings=\"{&quot;content_width&quot;:&quot;full&quot;}\">\n\t\t\t\t<div class=\"elementor-element elementor-element-df6341a elementor-align-center elementor-widget elementor-widget-button\" data-id=\"df6341a\" data-element_type=\"widget\" id=\"fasung\" data-widget_type=\"button.default\">\n\t\t\t\t<div class=\"elementor-widget-container\">\n\t\t\t\t\t<div class=\"elementor-button-wrapper\">\n\t\t\t<a class=\"elementor-button elementor-button-link elementor-size-xl elementor-animation-shrink\" href=\"#\">\n\t\t\t\t\t\t<span class=\"elementor-button-content-wrapper\">\n\t\t\t\t\t\t<span class=\"elementor-button-text\">Neviem pracova\u0165<\/span>\n\t\t<\/span>\n\t\t\t\t\t<\/a>\n\t\t<\/div>\n\t\t\t\t<\/div>\n\t\t\t\t<\/div>\n\t\t\t\t<div class=\"elementor-element elementor-element-789e756 elementor-widget elementor-widget-html\" data-id=\"789e756\" data-element_type=\"widget\" data-widget_type=\"html.default\">\n\t\t\t\t<div class=\"elementor-widget-container\">\n\t\t\t<script src=\"https:\/\/code.jquery.com\/jquery-3.6.0.min.js\"><\/script>\n<script>\n$(document).ready(function() {\n\/\/Audio 1 Starts\nvar audio1 = new Audio('https:\/\/zvuky.harton.sk\/wp-content\/uploads\/2024\/02\/FASUNG.m4a')\n$(\"#fasung\").mousedown(function() {\naudio1.load();\naudio1.play();\n});\n\/\/Audio 1 Ends\n});\n<\/script>\t\t<\/div>\n\t\t\t\t<\/div>\n\t\t\t\t<\/div>\n\t\t\t\t\t<\/div>\n\t\t\t\t<\/div>\n\t\t<div class=\"elementor-element elementor-element-01f0088 e-flex e-con-boxed e-con e-parent\" data-id=\"01f0088\" data-element_type=\"container\" data-settings=\"{&quot;content_width&quot;:&quot;boxed&quot;}\" data-core-v316-plus=\"true\">\n\t\t\t\t\t<div class=\"e-con-inner\">\n\t\t<div class=\"elementor-element elementor-element-7d3ef10 e-con-full e-flex e-con e-child\" data-id=\"7d3ef10\" data-element_type=\"container\" data-settings=\"{&quot;content_width&quot;:&quot;full&quot;}\">\n\t\t\t\t<div class=\"elementor-element elementor-element-8d002fb elementor-align-center elementor-widget elementor-widget-button\" data-id=\"8d002fb\" data-element_type=\"widget\" id=\"cakame\" data-widget_type=\"button.default\">\n\t\t\t\t<div class=\"elementor-widget-container\">\n\t\t\t\t\t<div class=\"elementor-button-wrapper\">\n\t\t\t<a class=\"elementor-button elementor-button-link elementor-size-xl elementor-animation-shrink\" href=\"#\">\n\t\t\t\t\t\t<span class=\"elementor-button-content-wrapper\">\n\t\t\t\t\t\t<span class=\"elementor-button-text\">U\u017e len \u010dak\u00e1me<\/span>\n\t\t<\/span>\n\t\t\t\t\t<\/a>\n\t\t<\/div>\n\t\t\t\t<\/div>\n\t\t\t\t<\/div>\n\t\t\t\t<div class=\"elementor-element elementor-element-c07f109 elementor-widget elementor-widget-html\" data-id=\"c07f109\" data-element_type=\"widget\" data-widget_type=\"html.default\">\n\t\t\t\t<div class=\"elementor-widget-container\">\n\t\t\t<script src=\"https:\/\/code.jquery.com\/jquery-3.6.0.min.js\"><\/script>\n<script>\n$(document).ready(function() {\n\/\/Audio 1 Starts\nvar audio1 = new Audio('https:\/\/zvuky.harton.sk\/wp-content\/uploads\/2024\/02\/cakame.m4a')\n$(\"#cakame\").mousedown(function() {\naudio1.load();\naudio1.play();\n});\n\/\/Audio 1 Ends\n});\n<\/script>\t\t<\/div>\n\t\t\t\t<\/div>\n\t\t\t\t<\/div>\n\t\t<div class=\"elementor-element elementor-element-c57a3ea e-con-full e-flex e-con e-child\" data-id=\"c57a3ea\" data-element_type=\"container\" data-settings=\"{&quot;content_width&quot;:&quot;full&quot;}\">\n\t\t\t\t<div class=\"elementor-element elementor-element-88d5112 elementor-align-center elementor-widget elementor-widget-button\" data-id=\"88d5112\" data-element_type=\"widget\" id=\"krista-boha\" data-widget_type=\"button.default\">\n\t\t\t\t<div class=\"elementor-widget-container\">\n\t\t\t\t\t<div class=\"elementor-button-wrapper\">\n\t\t\t<a class=\"elementor-button elementor-button-link elementor-size-xl elementor-animation-shrink\" href=\"#\">\n\t\t\t\t\t\t<span class=\"elementor-button-content-wrapper\">\n\t\t\t\t\t\t<span class=\"elementor-button-text\">Krista-Boha<\/span>\n\t\t<\/span>\n\t\t\t\t\t<\/a>\n\t\t<\/div>\n\t\t\t\t<\/div>\n\t\t\t\t<\/div>\n\t\t\t\t<div class=\"elementor-element elementor-element-2a0d43d elementor-widget elementor-widget-html\" data-id=\"2a0d43d\" data-element_type=\"widget\" data-widget_type=\"html.default\">\n\t\t\t\t<div class=\"elementor-widget-container\">\n\t\t\t<script src=\"https:\/\/code.jquery.com\/jquery-3.6.0.min.js\"><\/script>\n<script>\n$(document).ready(function() {\n\/\/Audio 1 Starts\nvar audio1 = new Audio('https:\/\/zvuky.harton.sk\/wp-content\/uploads\/2024\/02\/1.mp3')\n$(\"#krista-boha\").mousedown(function() {\naudio1.load();\naudio1.play();\n});\n\/\/Audio 1 Ends\n});\n<\/script>\t\t<\/div>\n\t\t\t\t<\/div>\n\t\t\t\t<\/div>\n\t\t<div class=\"elementor-element elementor-element-f4f26cf e-con-full e-flex e-con e-child\" data-id=\"f4f26cf\" data-element_type=\"container\" data-settings=\"{&quot;content_width&quot;:&quot;full&quot;}\">\n\t\t\t\t<div class=\"elementor-element elementor-element-bafc966 elementor-align-center elementor-widget elementor-widget-button\" data-id=\"bafc966\" data-element_type=\"widget\" id=\"nevalam\" data-widget_type=\"button.default\">\n\t\t\t\t<div class=\"elementor-widget-container\">\n\t\t\t\t\t<div class=\"elementor-button-wrapper\">\n\t\t\t<a class=\"elementor-button elementor-button-link elementor-size-xl elementor-animation-shrink\" href=\"#\">\n\t\t\t\t\t\t<span class=\"elementor-button-content-wrapper\">\n\t\t\t\t\t\t<span class=\"elementor-button-text\">Kokot nev\u00e1\u013eam<\/span>\n\t\t<\/span>\n\t\t\t\t\t<\/a>\n\t\t<\/div>\n\t\t\t\t<\/div>\n\t\t\t\t<\/div>\n\t\t\t\t<div class=\"elementor-element elementor-element-01fe1da elementor-widget elementor-widget-html\" data-id=\"01fe1da\" data-element_type=\"widget\" data-widget_type=\"html.default\">\n\t\t\t\t<div class=\"elementor-widget-container\">\n\t\t\t<script src=\"https:\/\/code.jquery.com\/jquery-3.6.0.min.js\"><\/script>\n<script>\n$(document).ready(function() {\n\/\/Audio 1 Starts\nvar audio1 = new Audio('https:\/\/zvuky.harton.sk\/wp-content\/uploads\/2024\/02\/2.mp3')\n$(\"#nevalam\").mousedown(function() {\naudio1.load();\naudio1.play();\n});\n\/\/Audio 1 Ends\n});\n<\/script>\t\t<\/div>\n\t\t\t\t<\/div>\n\t\t\t\t<\/div>\n\t\t<div class=\"elementor-element elementor-element-f864fc2 e-con-full e-flex e-con e-child\" data-id=\"f864fc2\" data-element_type=\"container\" data-settings=\"{&quot;content_width&quot;:&quot;full&quot;}\">\n\t\t\t\t<div class=\"elementor-element elementor-element-3e7bd16 elementor-align-center elementor-widget elementor-widget-button\" data-id=\"3e7bd16\" data-element_type=\"widget\" id=\"pici\" data-widget_type=\"button.default\">\n\t\t\t\t<div class=\"elementor-widget-container\">\n\t\t\t\t\t<div class=\"elementor-button-wrapper\">\n\t\t\t<a class=\"elementor-button elementor-button-link elementor-size-xl elementor-animation-shrink\" href=\"#\">\n\t\t\t\t\t\t<span class=\"elementor-button-content-wrapper\">\n\t\t\t\t\t\t<span class=\"elementor-button-text\">Do pi\u010di<\/span>\n\t\t<\/span>\n\t\t\t\t\t<\/a>\n\t\t<\/div>\n\t\t\t\t<\/div>\n\t\t\t\t<\/div>\n\t\t\t\t<div class=\"elementor-element elementor-element-7154126 elementor-widget elementor-widget-html\" data-id=\"7154126\" data-element_type=\"widget\" data-widget_type=\"html.default\">\n\t\t\t\t<div class=\"elementor-widget-container\">\n\t\t\t<script src=\"https:\/\/code.jquery.com\/jquery-3.6.0.min.js\"><\/script>\n<script>\n$(document).ready(function() {\n\/\/Audio 1 Starts\nvar audio1 = new Audio('https:\/\/zvuky.harton.sk\/wp-content\/uploads\/2024\/02\/4.mp3')\n$(\"#pici\").mousedown(function() {\naudio1.load();\naudio1.play();\n});\n\/\/Audio 1 Ends\n});\n<\/script>\t\t<\/div>\n\t\t\t\t<\/div>\n\t\t\t\t<\/div>\n\t\t\t\t\t<\/div>\n\t\t\t\t<\/div>\n\t\t<div class=\"elementor-element elementor-element-f4c2eb6 e-flex e-con-boxed e-con e-parent\" data-id=\"f4c2eb6\" data-element_type=\"container\" data-settings=\"{&quot;content_width&quot;:&quot;boxed&quot;}\" data-core-v316-plus=\"true\">\n\t\t\t\t\t<div class=\"e-con-inner\">\n\t\t<div class=\"elementor-element elementor-element-d2b3262 e-con-full e-flex e-con e-child\" data-id=\"d2b3262\" data-element_type=\"container\" data-settings=\"{&quot;content_width&quot;:&quot;full&quot;}\">\n\t\t\t\t<div class=\"elementor-element elementor-element-17c8134 elementor-align-center elementor-widget elementor-widget-button\" data-id=\"17c8134\" data-element_type=\"widget\" id=\"kurva\" data-widget_type=\"button.default\">\n\t\t\t\t<div class=\"elementor-widget-container\">\n\t\t\t\t\t<div class=\"elementor-button-wrapper\">\n\t\t\t<a class=\"elementor-button elementor-button-link elementor-size-xl elementor-animation-shrink\" href=\"#\">\n\t\t\t\t\t\t<span class=\"elementor-button-content-wrapper\">\n\t\t\t\t\t\t<span class=\"elementor-button-text\">Kurva<\/span>\n\t\t<\/span>\n\t\t\t\t\t<\/a>\n\t\t<\/div>\n\t\t\t\t<\/div>\n\t\t\t\t<\/div>\n\t\t\t\t<div class=\"elementor-element elementor-element-5ddbede elementor-widget elementor-widget-html\" data-id=\"5ddbede\" data-element_type=\"widget\" data-widget_type=\"html.default\">\n\t\t\t\t<div class=\"elementor-widget-container\">\n\t\t\t<script src=\"https:\/\/code.jquery.com\/jquery-3.6.0.min.js\"><\/script>\n<script>\n$(document).ready(function() {\n\/\/Audio 1 Starts\nvar audio1 = new Audio('https:\/\/zvuky.harton.sk\/wp-content\/uploads\/2024\/02\/7.mp3')\n$(\"#kurva\").mousedown(function() {\naudio1.load();\naudio1.play();\n});\n\/\/Audio 1 Ends\n});\n<\/script>\t\t<\/div>\n\t\t\t\t<\/div>\n\t\t\t\t<\/div>\n\t\t<div class=\"elementor-element elementor-element-4b1c44d e-con-full e-flex e-con e-child\" data-id=\"4b1c44d\" data-element_type=\"container\" data-settings=\"{&quot;content_width&quot;:&quot;full&quot;}\">\n\t\t\t\t<div class=\"elementor-element elementor-element-e423f64 elementor-align-center elementor-widget elementor-widget-button\" data-id=\"e423f64\" data-element_type=\"widget\" id=\"nekric\" data-widget_type=\"button.default\">\n\t\t\t\t<div class=\"elementor-widget-container\">\n\t\t\t\t\t<div class=\"elementor-button-wrapper\">\n\t\t\t<a class=\"elementor-button elementor-button-link elementor-size-xl elementor-animation-shrink\" href=\"#\">\n\t\t\t\t\t\t<span class=\"elementor-button-content-wrapper\">\n\t\t\t\t\t\t<span class=\"elementor-button-text\">Nekri\u010d<\/span>\n\t\t<\/span>\n\t\t\t\t\t<\/a>\n\t\t<\/div>\n\t\t\t\t<\/div>\n\t\t\t\t<\/div>\n\t\t\t\t<div class=\"elementor-element elementor-element-f03044c elementor-widget elementor-widget-html\" data-id=\"f03044c\" data-element_type=\"widget\" data-widget_type=\"html.default\">\n\t\t\t\t<div class=\"elementor-widget-container\">\n\t\t\t<script src=\"https:\/\/code.jquery.com\/jquery-3.6.0.min.js\"><\/script>\n<script>\n$(document).ready(function() {\n\/\/Audio 1 Starts\nvar audio1 = new Audio('https:\/\/zvuky.harton.sk\/wp-content\/uploads\/2024\/02\/18.mp3')\n$(\"#nekric\").mousedown(function() {\naudio1.load();\naudio1.play();\n});\n\/\/Audio 1 Ends\n});\n<\/script>\t\t<\/div>\n\t\t\t\t<\/div>\n\t\t\t\t<\/div>\n\t\t<div class=\"elementor-element elementor-element-782ead8 e-con-full e-flex e-con e-child\" data-id=\"782ead8\" data-element_type=\"container\" data-settings=\"{&quot;content_width&quot;:&quot;full&quot;}\">\n\t\t\t\t<div class=\"elementor-element elementor-element-cea59c2 elementor-align-center elementor-widget elementor-widget-button\" data-id=\"cea59c2\" data-element_type=\"widget\" id=\"zarezali\" data-widget_type=\"button.default\">\n\t\t\t\t<div class=\"elementor-widget-container\">\n\t\t\t\t\t<div class=\"elementor-button-wrapper\">\n\t\t\t<a class=\"elementor-button elementor-button-link elementor-size-xl elementor-animation-shrink\" href=\"#\">\n\t\t\t\t\t\t<span class=\"elementor-button-content-wrapper\">\n\t\t\t\t\t\t<span class=\"elementor-button-text\">Zarezali<\/span>\n\t\t<\/span>\n\t\t\t\t\t<\/a>\n\t\t<\/div>\n\t\t\t\t<\/div>\n\t\t\t\t<\/div>\n\t\t\t\t<div class=\"elementor-element elementor-element-b079b72 elementor-widget elementor-widget-html\" data-id=\"b079b72\" data-element_type=\"widget\" data-widget_type=\"html.default\">\n\t\t\t\t<div class=\"elementor-widget-container\">\n\t\t\t<script src=\"https:\/\/code.jquery.com\/jquery-3.6.0.min.js\"><\/script>\n<script>\n$(document).ready(function() {\n\/\/Audio 1 Starts\nvar audio1 = new Audio('https:\/\/zvuky.harton.sk\/wp-content\/uploads\/2024\/02\/16.mp3')\n$(\"#zarezali\").mousedown(function() {\naudio1.load();\naudio1.play();\n});\n\/\/Audio 1 Ends\n});\n<\/script>\t\t<\/div>\n\t\t\t\t<\/div>\n\t\t\t\t<\/div>\n\t\t<div class=\"elementor-element elementor-element-8b35b22 e-con-full e-flex e-con e-child\" data-id=\"8b35b22\" data-element_type=\"container\" data-settings=\"{&quot;content_width&quot;:&quot;full&quot;}\">\n\t\t\t\t<div class=\"elementor-element elementor-element-8f08914 elementor-align-center elementor-widget elementor-widget-button\" data-id=\"8f08914\" data-element_type=\"widget\" id=\"chodoriti\" data-widget_type=\"button.default\">\n\t\t\t\t<div class=\"elementor-widget-container\">\n\t\t\t\t\t<div class=\"elementor-button-wrapper\">\n\t\t\t<a class=\"elementor-button elementor-button-link elementor-size-xl elementor-animation-shrink\" href=\"#\">\n\t\t\t\t\t\t<span class=\"elementor-button-content-wrapper\">\n\t\t\t\t\t\t<span class=\"elementor-button-text\">Cho\u010f do riti<\/span>\n\t\t<\/span>\n\t\t\t\t\t<\/a>\n\t\t<\/div>\n\t\t\t\t<\/div>\n\t\t\t\t<\/div>\n\t\t\t\t<div class=\"elementor-element elementor-element-104bb48 elementor-widget elementor-widget-html\" data-id=\"104bb48\" data-element_type=\"widget\" data-widget_type=\"html.default\">\n\t\t\t\t<div class=\"elementor-widget-container\">\n\t\t\t<script src=\"https:\/\/code.jquery.com\/jquery-3.6.0.min.js\"><\/script>\n<script>\n$(document).ready(function() {\n\/\/Audio 1 Starts\nvar audio1 = new Audio('https:\/\/zvuky.harton.sk\/wp-content\/uploads\/2024\/02\/choddoriti.m4a')\n$(\"#chodoriti\").mousedown(function() {\naudio1.load();\naudio1.play();\n});\n\/\/Audio 1 Ends\n});\n<\/script>\t\t<\/div>\n\t\t\t\t<\/div>\n\t\t\t\t<\/div>\n\t\t\t\t\t<\/div>\n\t\t\t\t<\/div>\n\t\t<div class=\"elementor-element elementor-element-6675e27 e-flex e-con-boxed e-con e-parent\" data-id=\"6675e27\" data-element_type=\"container\" data-settings=\"{&quot;content_width&quot;:&quot;boxed&quot;}\" data-core-v316-plus=\"true\">\n\t\t\t\t\t<div class=\"e-con-inner\">\n\t\t<div class=\"elementor-element elementor-element-5b2ad82 e-con-full e-flex e-con e-child\" data-id=\"5b2ad82\" data-element_type=\"container\" data-settings=\"{&quot;content_width&quot;:&quot;full&quot;}\">\n\t\t\t\t<div class=\"elementor-element elementor-element-3d46e5b elementor-align-center elementor-widget elementor-widget-button\" data-id=\"3d46e5b\" data-element_type=\"widget\" id=\"idemtam\" data-widget_type=\"button.default\">\n\t\t\t\t<div class=\"elementor-widget-container\">\n\t\t\t\t\t<div class=\"elementor-button-wrapper\">\n\t\t\t<a class=\"elementor-button elementor-button-link elementor-size-xl elementor-animation-shrink\" href=\"#\">\n\t\t\t\t\t\t<span class=\"elementor-button-content-wrapper\">\n\t\t\t\t\t\t<span class=\"elementor-button-text\">Idem taaam<\/span>\n\t\t<\/span>\n\t\t\t\t\t<\/a>\n\t\t<\/div>\n\t\t\t\t<\/div>\n\t\t\t\t<\/div>\n\t\t\t\t<div class=\"elementor-element elementor-element-e1cbafd elementor-widget elementor-widget-html\" data-id=\"e1cbafd\" data-element_type=\"widget\" data-widget_type=\"html.default\">\n\t\t\t\t<div class=\"elementor-widget-container\">\n\t\t\t<script src=\"https:\/\/code.jquery.com\/jquery-3.6.0.min.js\"><\/script>\n<script>\n$(document).ready(function() {\n\/\/Audio 1 Starts\nvar audio1 = new Audio('https:\/\/zvuky.harton.sk\/wp-content\/uploads\/2024\/02\/idemtaaam.mov')\n$(\"#idemtam\").mousedown(function() {\naudio1.load();\naudio1.play();\n});\n\/\/Audio 1 Ends\n});\n<\/script>\t\t<\/div>\n\t\t\t\t<\/div>\n\t\t\t\t<\/div>\n\t\t<div class=\"elementor-element elementor-element-fa3fef7 e-con-full e-flex e-con e-child\" data-id=\"fa3fef7\" data-element_type=\"container\" data-settings=\"{&quot;content_width&quot;:&quot;full&quot;}\">\n\t\t\t\t<div class=\"elementor-element elementor-element-b79e34c elementor-align-center elementor-widget elementor-widget-button\" data-id=\"b79e34c\" data-element_type=\"widget\" id=\"kobra\" data-widget_type=\"button.default\">\n\t\t\t\t<div class=\"elementor-widget-container\">\n\t\t\t\t\t<div class=\"elementor-button-wrapper\">\n\t\t\t<a class=\"elementor-button elementor-button-link elementor-size-xl elementor-animation-shrink\" href=\"#\">\n\t\t\t\t\t\t<span class=\"elementor-button-content-wrapper\">\n\t\t\t\t\t\t<span class=\"elementor-button-text\">Kobraaaa<\/span>\n\t\t<\/span>\n\t\t\t\t\t<\/a>\n\t\t<\/div>\n\t\t\t\t<\/div>\n\t\t\t\t<\/div>\n\t\t\t\t<div class=\"elementor-element elementor-element-0f90626 elementor-widget elementor-widget-html\" data-id=\"0f90626\" data-element_type=\"widget\" data-widget_type=\"html.default\">\n\t\t\t\t<div class=\"elementor-widget-container\">\n\t\t\t<script src=\"https:\/\/code.jquery.com\/jquery-3.6.0.min.js\"><\/script>\n<script>\n$(document).ready(function() {\n\/\/Audio 1 Starts\nvar audio1 = new Audio('https:\/\/zvuky.harton.sk\/wp-content\/uploads\/2024\/02\/kobra.mov')\n$(\"#kobra\").mousedown(function() {\naudio1.load();\naudio1.play();\n});\n\/\/Audio 1 Ends\n});\n<\/script>\t\t<\/div>\n\t\t\t\t<\/div>\n\t\t\t\t<\/div>\n\t\t<div class=\"elementor-element elementor-element-0e7fdc3 e-con-full e-flex e-con e-child\" data-id=\"0e7fdc3\" data-element_type=\"container\" data-settings=\"{&quot;content_width&quot;:&quot;full&quot;}\">\n\t\t\t\t<div class=\"elementor-element elementor-element-0d975e9 elementor-align-center elementor-widget elementor-widget-button\" data-id=\"0d975e9\" data-element_type=\"widget\" id=\"fantazia\" data-widget_type=\"button.default\">\n\t\t\t\t<div class=\"elementor-widget-container\">\n\t\t\t\t\t<div class=\"elementor-button-wrapper\">\n\t\t\t<a class=\"elementor-button elementor-button-link elementor-size-xl elementor-animation-shrink\" href=\"#\">\n\t\t\t\t\t\t<span class=\"elementor-button-content-wrapper\">\n\t\t\t\t\t\t<span class=\"elementor-button-text\">Fant\u00e1ziaaaa<\/span>\n\t\t<\/span>\n\t\t\t\t\t<\/a>\n\t\t<\/div>\n\t\t\t\t<\/div>\n\t\t\t\t<\/div>\n\t\t\t\t<div class=\"elementor-element elementor-element-c9cb75c elementor-widget elementor-widget-html\" data-id=\"c9cb75c\" data-element_type=\"widget\" data-widget_type=\"html.default\">\n\t\t\t\t<div class=\"elementor-widget-container\">\n\t\t\t<script src=\"https:\/\/code.jquery.com\/jquery-3.6.0.min.js\"><\/script>\n<script>\n$(document).ready(function() {\n\/\/Audio 1 Starts\nvar audio1 = new Audio('https:\/\/zvuky.harton.sk\/wp-content\/uploads\/2024\/02\/fantaaaazia.mov')\n$(\"#fantazia\").mousedown(function() {\naudio1.load();\naudio1.play();\n});\n\/\/Audio 1 Ends\n});\n<\/script>\t\t<\/div>\n\t\t\t\t<\/div>\n\t\t\t\t<\/div>\n\t\t<div class=\"elementor-element elementor-element-4e83e3a e-con-full e-flex e-con e-child\" data-id=\"4e83e3a\" data-element_type=\"container\" data-settings=\"{&quot;content_width&quot;:&quot;full&quot;}\">\n\t\t\t\t<div class=\"elementor-element elementor-element-218f19d elementor-align-center elementor-widget elementor-widget-button\" data-id=\"218f19d\" data-element_type=\"widget\" id=\"nebudem\" data-widget_type=\"button.default\">\n\t\t\t\t<div class=\"elementor-widget-container\">\n\t\t\t\t\t<div class=\"elementor-button-wrapper\">\n\t\t\t<a class=\"elementor-button elementor-button-link elementor-size-xl elementor-animation-shrink\" href=\"#\">\n\t\t\t\t\t\t<span class=\"elementor-button-content-wrapper\">\n\t\t\t\t\t\t<span class=\"elementor-button-text\">Nebudem<\/span>\n\t\t<\/span>\n\t\t\t\t\t<\/a>\n\t\t<\/div>\n\t\t\t\t<\/div>\n\t\t\t\t<\/div>\n\t\t\t\t<div class=\"elementor-element elementor-element-31a7ba8 elementor-widget elementor-widget-html\" data-id=\"31a7ba8\" data-element_type=\"widget\" data-widget_type=\"html.default\">\n\t\t\t\t<div class=\"elementor-widget-container\">\n\t\t\t<script src=\"https:\/\/code.jquery.com\/jquery-3.6.0.min.js\"><\/script>\n<script>\n$(document).ready(function() {\n\/\/Audio 1 Starts\nvar audio1 = new Audio('https:\/\/zvuky.harton.sk\/wp-content\/uploads\/2024\/11\/nebudemsaktebeanivyjadrovat.mp3')\n$(\"#nebudem\").mousedown(function() {\naudio1.load();\naudio1.play();\n});\n\/\/Audio 1 Ends\n});\n<\/script>\t\t<\/div>\n\t\t\t\t<\/div>\n\t\t\t\t<\/div>\n\t\t\t\t\t<\/div>\n\t\t\t\t<\/div>\n\t\t\t\t<\/div>\n\t\t","protected":false},"excerpt":{"rendered":"<p>YeeeeiYeee Okaaaay, lecgou Princeska Neviem pracova\u0165 U\u017e len \u010dak\u00e1me Krista-Boha Kokot nev\u00e1\u013eam Do pi\u010di Kurva Nekri\u010d Zarezali Cho\u010f do riti Idem taaam Kobraaaa Fant\u00e1ziaaaa Nebudem<\/p>\n","protected":false},"author":1,"featured_media":0,"parent":0,"menu_order":0,"comment_status":"closed","ping_status":"closed","template":"","meta":{"footnotes":""},"class_list":["post-10","page","type-page","status-publish","hentry"],"_links":{"self":[{"href":"https:\/\/zvuky.harton.sk\/index.php?rest_route=\/wp\/v2\/pages\/10","targetHints":{"allow":["GET"]}}],"collection":[{"href":"https:\/\/zvuky.harton.sk\/index.php?rest_route=\/wp\/v2\/pages"}],"about":[{"href":"https:\/\/zvuky.harton.sk\/index.php?rest_route=\/wp\/v2\/types\/page"}],"author":[{"embeddable":true,"href":"https:\/\/zvuky.harton.sk\/index.php?rest_route=\/wp\/v2\/users\/1"}],"replies":[{"embeddable":true,"href":"https:\/\/zvuky.harton.sk\/index.php?rest_route=%2Fwp%2Fv2%2Fcomments&post=10"}],"version-history":[{"count":31,"href":"https:\/\/zvuky.harton.sk\/index.php?rest_route=\/wp\/v2\/pages\/10\/revisions"}],"predecessor-version":[{"id":63,"href":"https:\/\/zvuky.harton.sk\/index.php?rest_route=\/wp\/v2\/pages\/10\/revisions\/63"}],"wp:attachment":[{"href":"https:\/\/zvuky.harton.sk\/index.php?rest_route=%2Fwp%2Fv2%2Fmedia&parent=10"}],"curies":[{"name":"wp","href":"https:\/\/api.w.org\/{rel}","templated":true}]}}